{"id":986,"date":"2020-06-25T20:40:20","date_gmt":"2020-06-25T20:40:20","guid":{"rendered":"http:\/\/fondazionebick.ch\/unterkuenfte\/"},"modified":"2025-10-24T16:53:26","modified_gmt":"2025-10-24T16:53:26","slug":"atelierhaeuserinfos","status":"publish","type":"page","link":"https:\/\/fondazionebick.ch\/fr\/atelierhaeuserinfos\/","title":{"rendered":"Informations sur les maisons"},"content":{"rendered":"<\/p>\n<p><strong>Vous trouverez ici toutes les informations essentielles<\/strong><br \/><strong>pour la r\u00e9servation d&rsquo;une des 4 maisons.<\/strong><\/p>\n<p><strong>Qui peut utiliser les maisons ?<\/strong><br \/>Les artistes professionnels* de toutes les disciplines : arts visuels\/arts plastiques, musique, spoken word, th\u00e9\u00e2tre, performance, danse, litt\u00e9rature, cin\u00e9ma et architecture. Toutes les autres personnes int\u00e9ress\u00e9es peuvent \u00e9galement r\u00e9server sous \u00ab\u00a0Ami(e) de l&rsquo;art\u00a0\u00bb, \u00e0 un prix l\u00e9g\u00e8rement plus \u00e9lev\u00e9.<\/p>\n<p>Toutes les maisons peuvent \u00eatre habit\u00e9es par quatre personnes au maximum. Les familles et les collectifs sont les bienvenus.<\/p>\n<p>Les maisons de <strong>Sant&rsquo;Abbondio<\/strong> sur le Lac Majeur sont lou\u00e9es toute l&rsquo;ann\u00e9e.\u00a0<\/p>\n<p>Les maisons de <strong>Costa sopra Intragna<\/strong> sont lou\u00e9es de d\u00e9but avril \u00e0 fin octobre.\u00a0<\/p>\n<p>Disponibilit\u00e9s et formulaires de r\u00e9servation ici :<br \/><a href=\"https:\/\/fondazionebick.ch\/atelierhaeuserinfos\/buchung-casa-bick\/\">> Casa Bick<\/a><br \/><a href=\"https:\/\/fondazionebick.ch\/atelierhaeuserinfos\/buchung-atelier-bick\/\">> Atelier Bick<\/a><br \/><a href=\"https:\/\/fondazionebick.ch\/atelierhaeuserinfos\/casa-maria\/\">> Casa Maria<\/a><br \/><a href=\"https:\/\/fondazionebick.ch\/atelierhaeuserinfos\/casa-cecilia\/\">> Casa Cecilia<\/a><\/p>\n<\/p>\n<p><img loading=\"lazy\" decoding=\"async\" class=\" wp-image-2023\" src=\"http:\/\/fondazionebick.ch\/wp-content\/uploads\/2021\/05\/2021-bick-map-300x252.jpg\" alt=\"Posizione delle case, Standortinformation,  Informations sur l'endroit\" width=\"351\" height=\"295\" srcset=\"https:\/\/fondazionebick.ch\/wp-content\/uploads\/2021\/05\/2021-bick-map-300x252.jpg 300w, https:\/\/fondazionebick.ch\/wp-content\/uploads\/2021\/05\/2021-bick-map.jpg 561w\" sizes=\"auto, (max-width: 351px) 100vw, 351px\" \/><\/p>\n<p>\n","protected":false},"excerpt":{"rendered":"<p>Vous trouverez ici toutes les informations essentiellespour la r\u00e9servation d&rsquo;une des 4 maisons. Qui peut utiliser les maisons ?Les artistes professionnels* de toutes les disciplines : arts visuels\/arts plastiques, musique, spoken word, th\u00e9\u00e2tre, performance, danse, litt\u00e9rature, cin\u00e9ma et architecture. Toutes les autres personnes int\u00e9ress\u00e9es peuvent \u00e9galement r\u00e9server sous \u00ab\u00a0Ami(e) de l&rsquo;art\u00a0\u00bb, \u00e0 un prix l\u00e9g\u00e8rement [&hellip;]<\/p>\n","protected":false},"author":1,"featured_media":1996,"parent":0,"menu_order":1,"comment_status":"closed","ping_status":"closed","template":"","meta":{"footnotes":""},"class_list":["post-986","page","type-page","status-publish","has-post-thumbnail","hentry","has-thumbnail"],"_links":{"self":[{"href":"https:\/\/fondazionebick.ch\/fr\/wp-json\/wp\/v2\/pages\/986","targetHints":{"allow":["GET"]}}],"collection":[{"href":"https:\/\/fondazionebick.ch\/fr\/wp-json\/wp\/v2\/pages"}],"about":[{"href":"https:\/\/fondazionebick.ch\/fr\/wp-json\/wp\/v2\/types\/page"}],"author":[{"embeddable":true,"href":"https:\/\/fondazionebick.ch\/fr\/wp-json\/wp\/v2\/users\/1"}],"replies":[{"embeddable":true,"href":"https:\/\/fondazionebick.ch\/fr\/wp-json\/wp\/v2\/comments?post=986"}],"version-history":[{"count":17,"href":"https:\/\/fondazionebick.ch\/fr\/wp-json\/wp\/v2\/pages\/986\/revisions"}],"predecessor-version":[{"id":10823,"href":"https:\/\/fondazionebick.ch\/fr\/wp-json\/wp\/v2\/pages\/986\/revisions\/10823"}],"wp:featuredmedia":[{"embeddable":true,"href":"https:\/\/fondazionebick.ch\/fr\/wp-json\/wp\/v2\/media\/1996"}],"wp:attachment":[{"href":"https:\/\/fondazionebick.ch\/fr\/wp-json\/wp\/v2\/media?parent=986"}],"curies":[{"name":"wp","href":"https:\/\/api.w.org\/{rel}","templated":true}]}}